{"id":2766,"date":"2025-08-28T17:17:52","date_gmt":"2025-08-28T13:17:52","guid":{"rendered":"https:\/\/mecra.az\/?page_id=2766"},"modified":"2026-04-05T10:26:46","modified_gmt":"2026-04-05T06:26:46","slug":"%c9%99laq%c9%99","status":"publish","type":"page","link":"https:\/\/azerbaycan.media\/?page_id=2766","title":{"rendered":"Haqq\u0131m\u0131zda"},"content":{"rendered":"<p><span style=\"color: #ff0000;\"><strong>Az\u0259rbaycan.media:<\/strong><\/span> Ruhla yaz\u0131lan media platformas\u0131<\/p>\n<p><span style=\"color: #ff0000;\"><strong>Az\u0259rbaycan.media<\/strong><\/span> t\u0259kc\u0259 m\u0259d\u0259niyy\u0259t v\u0259 \u0259d\u0259biyyat portal\u0131 deyil. Bu, h\u0259m d\u0259 ictimai, sosial v\u0259 siyasi h\u0259yat\u0131n s\u0259sini \u00e7atd\u0131ran, \u00f6lk\u0259mizin m\u00fcxt\u0259lif t\u0259r\u0259fl\u0259rini i\u015f\u0131qland\u0131ran bir media platformas\u0131d\u0131r.<\/p>\n<p>Biz burada sad\u0259c\u0259 x\u0259b\u0259r yazm\u0131r\u0131q. Biz simvollar yarad\u0131r, \u00e7a\u011f\u0131r\u0131\u015flar v\u0259 sitatlar \u00fcz\u0259rind\u0259n toplumun yadda\u015f\u0131n\u0131 oyad\u0131r\u0131q. Bizim \u00fc\u00e7\u00fcn jurnalistika sual verm\u0259k deyil, xalq\u0131n, c\u0259miyy\u0259tin v\u0259 m\u0259d\u0259niyy\u0259tin yadda\u015f\u0131n\u0131 xat\u0131rlatmaqd\u0131r.<\/p>\n<p>Az\u0259rbaycan.media-da:<br \/>\nPress-relizl\u0259rd\u0259n yox, xalq\u0131n ruhundan x\u0259b\u0259r al\u0131r\u0131q.<br \/>\nSenzuradan yox, simvolik ifad\u0259ni d\u0259st\u0259kl\u0259yirik.<br \/>\nOxucu deyil, \u015fahid \u00e7a\u011f\u0131r\u0131r\u0131q.<\/p>\n<p>Bizim redaksiya ota\u011f\u0131m\u0131z yarad\u0131c\u0131l\u0131q m\u0259b\u0259didir. Burada ba\u015f redaktor vicdand\u0131r, m\u00fcxbir xatir\u0259l\u0259rdir. Biz arxivl\u0259ri a\u00e7\u0131r, s\u0259sl\u0259ri dirildir, yer adlar\u0131n\u0131 dan\u0131\u015fd\u0131r\u0131r, hadis\u0259l\u0259rin m\u0259d\u0259ni, sosial v\u0259 siyasi t\u0259b\u0259q\u0259l\u0259rini i\u015f\u0131qland\u0131r\u0131r\u0131q.<\/p>\n<p><strong>N\u0259y\u0259 xidm\u0259t edirik?<\/strong><\/p>\n<p>M\u0259d\u0259niyy\u0259t, \u0259d\u0259biyyat v\u0259 inc\u0259s\u0259n\u0259tin media dili il\u0259 ifad\u0259si<br \/>\nSosial v\u0259 siyasi hadis\u0259l\u0259rin yadda\u015fa \u00e7evrilm\u0259si<br \/>\nSimvolik reportajlar, poetik m\u00fcsahib\u0259l\u0259r, metaforik ba\u015fl\u0131qlar<br \/>\nAz\u0259rbaycan\u0131n ruhunu arxivl\u0259\u015fdirm\u0259k v\u0259 s\u0259sl\u0259ndirm\u0259k<\/p>\n<p><strong>\u00c7a\u011f\u0131r\u0131\u015f\u0131m\u0131z<\/strong><\/p>\n<p>\u018fg\u0259r s\u0259n m\u0259tbuat\u0131 bir s\u0259n\u0259t formas\u0131, jurnalistikan\u0131 bir poetik akt, Az\u0259rbaycan\u0131 is\u0259 metafor kimi g\u00f6r\u00fcrs\u0259\u2014Az\u0259rbaycan.media s\u0259nin \u00fc\u00e7\u00fcn yarad\u0131l\u0131b. Burada s\u00f6zl\u0259r x\u0259b\u0259r verir, s\u0259sl\u0259r dan\u0131\u015f\u0131r, simvollar yaz\u0131r.<\/p>\n<p>&nbsp;<\/p>\n<p>&nbsp;<\/p>\n<p><img loading=\"lazy\" decoding=\"async\" class=\"alignnone wp-image-68981\" src=\"https:\/\/azerbaycan.media\/wp-content\/uploads\/2026\/02\/WhatsApp-Image-2026-01-29-at-06.09.27-1024x731.jpeg\" alt=\"\" width=\"350\" height=\"250\" srcset=\"https:\/\/azerbaycan.media\/wp-content\/uploads\/2026\/02\/WhatsApp-Image-2026-01-29-at-06.09.27-1024x731.jpeg 1024w, https:\/\/azerbaycan.media\/wp-content\/uploads\/2026\/02\/WhatsApp-Image-2026-01-29-at-06.09.27-768x549.jpeg 768w, https:\/\/azerbaycan.media\/wp-content\/uploads\/2026\/02\/WhatsApp-Image-2026-01-29-at-06.09.27.jpeg 1050w\" sizes=\"auto, (max-width: 350px) 100vw, 350px\" \/><\/p>\n<p>&nbsp;<\/p>\n<p><span style=\"color: #0000ff;\"><strong>T\u0259sis\u00e7i v\u0259 ba\u015f redaktor: Fuad Bil\u0259suvarl\u0131<\/strong><\/span><\/p>\n<p><span style=\"color: #0000ff;\"><strong>Redaktor: G\u00fcnel Natiq<\/strong><\/span><\/p>\n<p>\u00dcnvan: Bak\u0131 \u015f\u0259h\u0259ri, X\u0259tai rayonu, \u201cAMAY\u201d Biznes m\u0259rk\u0259zi, 4-c\u00fc m\u0259rt\u0259b\u0259<\/p>\n<p>E-mail: fuadceferli22@gmail.com<\/p>\n<p>TEL: +99450 379 42 89<\/p>\n<p>&nbsp;<\/p>\n<p><strong>\u0130\u015f saatlar\u0131:\u00a0<\/strong><\/p>\n<h3 class=\"text-lg font-semibold text-gray-800 mb-4\">Redaksiya<\/h3>\n<div class=\"space-y-2\">\n<div class=\"flex justify-between items-center\"><span class=\"text-gray-600\">Bazar ert\u0259si &#8211; C\u00fcm\u0259: <\/span><span class=\"text-gray-800 font-medium\">08:00 &#8211; 18:00<\/span><\/div>\n<div class=\"flex justify-between items-center\"><span class=\"text-gray-600\">\u015e\u0259nb\u0259: <\/span><span class=\"text-gray-800 font-medium\">09:00 &#8211; 16:00<\/span><\/div>\n<div class=\"flex justify-between items-center\"><span class=\"text-gray-600\">Bazar: 10 &#8211; 15:00<\/span><\/div>\n<\/div>\n<p><img loading=\"lazy\" decoding=\"async\" class=\"alignnone wp-image-66617\" src=\"https:\/\/azerbaycan.media\/wp-content\/uploads\/2026\/01\/WhatsApp-Image-2026-01-11-at-20.51.44-1-1024x511.jpeg\" alt=\"\" width=\"351\" height=\"175\" \/><\/p>\n<p>http:\/\/Azerbaycan.media platformas\u0131n\u0131n daha da \u015f\u0259ffaf, ayd\u0131n v\u0259 davaml\u0131 f\u0259aliyy\u0259t g\u00f6st\u0259rm\u0259si \u00fc\u00e7\u00fcn d\u0259st\u0259yiniz bizim \u00fc\u00e7\u00fcn d\u0259y\u0259rlidir.<br \/>\n\u018fg\u0259r bu missiyaya t\u00f6hf\u0259 verm\u0259k, s\u00f6z\u00fcn azadl\u0131\u011f\u0131n\u0131 v\u0259 yadda\u015f\u0131n davam\u0131n\u0131 qorumaq ist\u0259yirsinizs\u0259, Kapital Bank vasit\u0259sil\u0259 a\u015fa\u011f\u0131dak\u0131 kart n\u00f6mr\u0259sin\u0259 d\u0259st\u0259k ola bil\u0259rsiniz.<\/p>\n<p>5239151752762826<\/p>\n","protected":false},"excerpt":{"rendered":"<p>Az\u0259rbaycan.media: Ruhla yaz\u0131lan media platformas\u0131 Az\u0259rbaycan.media t\u0259kc\u0259 m\u0259d\u0259niyy\u0259t v\u0259 \u0259d\u0259biyyat portal\u0131 deyil. Bu, h\u0259m d\u0259 ictimai, sosial v\u0259 siyasi h\u0259yat\u0131n s\u0259sini \u00e7atd\u0131ran, \u00f6lk\u0259mizin m\u00fcxt\u0259lif t\u0259r\u0259fl\u0259rini i\u015f\u0131qland\u0131ran bir media platformas\u0131d\u0131r. Biz&hellip; <\/p>\n","protected":false},"author":1,"featured_media":0,"parent":0,"menu_order":0,"comment_status":"closed","ping_status":"closed","template":"","meta":{"footnotes":""},"class_list":["post-2766","page","type-page","status-publish","hentry"],"_links":{"self":[{"href":"https:\/\/azerbaycan.media\/index.php?rest_route=\/wp\/v2\/pages\/2766","targetHints":{"allow":["GET"]}}],"collection":[{"href":"https:\/\/azerbaycan.media\/index.php?rest_route=\/wp\/v2\/pages"}],"about":[{"href":"https:\/\/azerbaycan.media\/index.php?rest_route=\/wp\/v2\/types\/page"}],"author":[{"embeddable":true,"href":"https:\/\/azerbaycan.media\/index.php?rest_route=\/wp\/v2\/users\/1"}],"replies":[{"embeddable":true,"href":"https:\/\/azerbaycan.media\/index.php?rest_route=%2Fwp%2Fv2%2Fcomments&post=2766"}],"version-history":[{"count":41,"href":"https:\/\/azerbaycan.media\/index.php?rest_route=\/wp\/v2\/pages\/2766\/revisions"}],"predecessor-version":[{"id":74865,"href":"https:\/\/azerbaycan.media\/index.php?rest_route=\/wp\/v2\/pages\/2766\/revisions\/74865"}],"wp:attachment":[{"href":"https:\/\/azerbaycan.media\/index.php?rest_route=%2Fwp%2Fv2%2Fmedia&parent=2766"}],"curies":[{"name":"wp","href":"https:\/\/api.w.org\/{rel}","templated":true}]}}